{"id":11,"date":"2014-02-06T19:08:30","date_gmt":"2014-02-06T19:08:30","guid":{"rendered":"http:\/\/sakristanen-zh-sh.ch\/wordpress\/?page_id=11"},"modified":"2017-05-11T16:15:26","modified_gmt":"2017-05-11T15:15:26","slug":"statuten","status":"publish","type":"page","link":"https:\/\/www.sakristanen-zh-sh.ch\/wordpress\/?page_id=11","title":{"rendered":"Statuten"},"content":{"rendered":"<h6><b>S<\/b><b>TATUTEN DER <\/b><b>S<\/b><b>AKRISTANENVEREINIGUNG DER <\/b><b>K<\/b><b>ANTONE <\/b><b>Z<\/b><b>\u00dcRICH UND <\/b><b>S<\/b><b>CHAFFHAUSEN <\/b><\/h6>\n<p>Im folgenden Text wurde zur Vereinfachung des Leseflusses auf weibliche Schreibweisen verzichtet. Demnach gelten die Statuen sowohl f\u00fcr Sakristane als auch f\u00fcr Sakristaninnen.<\/p>\n<p align=\"center\"><b>I. <\/b><\/p>\n<p align=\"center\"><b>Name, Einordnung und Sitz<\/b><\/p>\n<p align=\"center\">Art. 1<\/p>\n<p>Die Sakristanenvereinigung der Kantone Z\u00fcrich und Schaffhausen, gegr\u00fcndet 1946, bildet eine Gemeinschaft (Verein im Sinne von Art. 60 ff. ZGB) deren Mitglieder in den beiden Kantonen diensttuenden Sakristane sind. Sie ist Mitglied des Schweizerischen Sakristanenverbandes. Sitz der Vereinigung ist der Wohnort des Pr\u00e4sidenten.<\/p>\n<p align=\"center\"><b>II. <\/b><\/p>\n<p align=\"center\"><b>Pr\u00e4ses \u2013 Ernennung<\/b><\/p>\n<p align=\"center\">Art. 2<\/p>\n<p>Die Vereinigung ist vom zust\u00e4ndigen Di\u00f6zesanbischof f\u00fcr den Kanton Z\u00fcrich genehmigt und empfohlen, welcher in Absprache mit der Vereinigung, dem Generalvikar f\u00fcr den Kanton Z\u00fcrich und dem Regionaldekan des Kantons Schaffhausen, einen Priester oder Theologen<b> <\/b>als Pr\u00e4ses ernennt.<\/p>\n<p>&nbsp;<\/p>\n<p align=\"center\"><b>III.<\/b><\/p>\n<p align=\"center\"><b>\u00a0Zweck und Aufgabe<\/b><\/p>\n<p align=\"center\">Art. 3<\/p>\n<p>Die Sakristanenvereinigung bezweckt die Wahrung aller Interessen der Mitglieder, insbesondere die religi\u00f6se, berufliche und soziale Hebung des Sakristanenberufes.<\/p>\n<p>Dieser Zweck soll erreicht werden durch:<\/p>\n<p>a)\u00a0 Vertiefung der religi\u00f6sen, liturgischen und beruflichen Kenntnisse der Sakristane an Tagungen, Kursen und anderweitigen Anl\u00e4ssen;<\/p>\n<p>b)\u00a0 Anbieten der im vielf\u00e4ltigen Bildungsprogramm vorgesehenen Schulungskurse, deren Besuch allen Mitgliedern offen steht, bzw. empfohlen wird.<\/p>\n<p align=\"center\">Art. 4<\/p>\n<p>Das Amt des Sakristans ist ein von der Schweizer Bischofskonferenz anerkannter, kirchlicher Beruf.<\/p>\n<p>a) Der vollamtliche Sakristan sollte bei n\u00e4chst sich bietender Gelegenheit die Schweizerische Berufsschule f\u00fcr Sakristane absolvieren oder einen Intensivkurs besuchen.<\/p>\n<p>b) F\u00fcr den Besuch von Schulungskursen, Tagungen und anderweitigen Anl\u00e4ssen, die von der Vereinigung bzw. vom Schweizerischen Sakristanenverband organisiert und empfohlen werden, k\u00f6nnen Beitr\u00e4ge gew\u00e4hrt werden. Dies gilt auch f\u00fcr ausw\u00e4rtige Anl\u00e4sse und Kurse.<\/p>\n<p>c)\u00a0 Auch f\u00fcr die Ehepartner der Sakristane kann der Besuch von Anl\u00e4ssen angeboten werden.<\/p>\n<p align=\"center\"><b>IV. <\/b><\/p>\n<p align=\"center\"><b>Mitgliedschaft<\/b><\/p>\n<p align=\"center\">Art. 5<\/p>\n<p>Die Vereinigung besteht aus Aktiv-, Ehren-, Passivmitgliedern, pensionierten Mitgliedern und G\u00f6nnern.<\/p>\n<p>Die Aufnahme von Neumitgliedern erfolgt durch den Vorstand unter Vorbehalt der Genehmigung durch die Generalversammlung.<\/p>\n<p align=\"center\">Art. 6<\/p>\n<p>Mitglied der Sakristanenvereinigung kann jeder Sakristan werden, der in einer Kirche oder Kapelle Sakristanendienst aus\u00fcbt, sei dies im freiwilligen, neben- oder vollamtlichen Arbeitsverh\u00e4ltnis.<\/p>\n<p>&nbsp;<\/p>\n<p>Das Mitglied ist verpflichtet, die Statuten zu beachten und den Jahresbeitrag zu entrichten. Ausserdem wird ihm empfohlen das Verbandsorgan \u201eDer Sakristan\u201c zu abonnieren.<\/p>\n<p align=\"center\">Art. 7<\/p>\n<p>Kirchgemeinden, Geistliche und Privatpersonen k\u00f6nnen der Vereinigung als Passivmitglieder oder G\u00f6nner mit einem von der Generalversammlung bestimmten Jahresbeitrag beitreten.<\/p>\n<p>Das Abonnieren des Verbandsorgans \u201eDer Sakristan\u201c ist fakultativ.<\/p>\n<p align=\"center\">Art. 8<\/p>\n<p>Pensionierten Mitgliedern wird der Zentralbeitrag erlassen.<\/p>\n<p align=\"center\">Art. 9<\/p>\n<p>Zu Ehrenmitgliedern, Ehrenpr\u00e4ses und Ehrenpr\u00e4sidenten k\u00f6nnen auf Antrag des Vorstandes Personen ernannt werden, die sich besondere Verdienste erworben haben.<\/p>\n<p>Die unter Artikel 9 genannten Mitglieder sind nicht mehr beitragspflichtig, zahlen aber weiterhin das Abonnement des Verbandsorgans \u201eDer Sakristan\u201c.<\/p>\n<p align=\"center\">Art. 10<\/p>\n<p>Mitglieder, die krankheits- oder altershalber das Amt niederlegen, k\u00f6nnen in der Vereinigung mit allen ihren Rechten und Pflichten verbleiben. Der Vorstand kann auf Gesuch hin den Jahresbeitrag inkl. das Abonnement des Verbandsorgans \u201eDer Sakristan\u201c teilweise oder ganz erlassen.<\/p>\n<p>Mitglieder, die vom Sakristanendienst zur\u00fccktreten, k\u00f6nnen als Passivmitglieder oder G\u00f6nner in der Vereinigung verbleiben. Bei Wiederaufnahme des Sakristanendienstes werden ihm die fr\u00fcheren Mitgliedschaftsjahre voll angerechnet.<\/p>\n<p align=\"center\">Art. 11<\/p>\n<p>Will ein Mitglied aus der Vereinigung austreten, so hat er dies auf Ende des Kalenderjahres dem Pr\u00e4sidenten schriftlich mitzuteilen. Der Jahresbeitrag muss bis zur Beendigung der Mitgliedschaft voll entrichtet werden.<\/p>\n<p>Mit dem Austritt erl\u00f6schen alle Rechte und Anspr\u00fcche an die Vereinigung.<\/p>\n<p align=\"center\">Art. 12<\/p>\n<p>Gibt ein Mitglied Anlass zu \u00f6ffentlichem \u00c4rgernis, nimmt es eine sch\u00e4digende bzw. grunds\u00e4tzliche, widersprechende Haltung ein oder erf\u00fcllt es keineswegs seine Pflichten gegen\u00fcber der Vereinigung, so kann das betreffende Mitglied durch den Vorstand unter Vorbehalt der Zustimmung der Generalversammlung (Mehrheit 2\/3 der anwesenden Mitglieder) ausgeschlossen werden.<\/p>\n<p>Wenn ein Mitglied von seinem Vorgesetzten begr\u00fcndeterweise seines Amtes enthoben wird, so ist zu pr\u00fcfen, ob es ohne weiteres aus der Vereinigung ausgeschlossen werden soll.<\/p>\n<p align=\"center\">Art. 13<\/p>\n<p>Stirbt ein Mitglied, so ist unverz\u00fcglich der Pr\u00e4sident zu benachrichtigen, welcher nach M\u00f6glichkeit allen Mitgliedern Mitteilung macht und zur Teilnahme an der Bestattung einl\u00e4dt.<\/p>\n<p>Als \u00e4usseres Zeichen der Dankbarkeit werden f\u00fcr den Heimgegangenen ein Geldbetrag von 100 Fr. und zwei hl. Messen gespendet.<\/p>\n<p>F\u00fcr ein verstorbenes Passiv- oder G\u00f6nnermitglied wird eine hl. Messe gelesen.<\/p>\n<p align=\"center\"><b>V.<\/b><\/p>\n<p align=\"center\"><b>Organisation<\/b><\/p>\n<p align=\"center\">Art. 14<\/p>\n<p>Die Organe der Sakristanenvereinigung der Kantone Z\u00fcrich und Schaffhausen sind folgende:<\/p>\n<p>A)\u00a0 die Generalversammlung<\/p>\n<p>B)\u00a0 der Vorstand<\/p>\n<p>C)\u00a0 die Rechnungsrevisoren<\/p>\n<p align=\"center\">A. Generalversammlung<\/p>\n<p align=\"center\">Art. 15<\/p>\n<p>Die Generalversammlung findet allj\u00e4hrlich im Fr\u00fchjahr statt. Stimmberechtigt sind alle Aktiv-, Ehrenmitglieder und pensionierte Mitglieder.<\/p>\n<p>Bei Abstimmungen entscheidet das einfache Mehr der abgegebenen Stimmen, ausgenommen bei Ausschl\u00fcssen von Mitgliedern, Statuten\u00e4nderungen und Aufl\u00f6sung der Vereinigung (2\/3-Mehrheit).<\/p>\n<p>Bei Stimmengleichheit entscheidet der Vorsitzende durch Stichentscheid.<\/p>\n<p align=\"center\">Art. 16<\/p>\n<p>Die Generalversammlung wird durch den Vorstand einberufen. Die Einladungen sind mindestens 14 Tage vor der Generalversammlung unter Angabe der Traktanden allen Mitgliedern zuzustellen.<\/p>\n<p align=\"center\">Art. 17<\/p>\n<p>Die Generalversammlung hat folgende Gesch\u00e4fte zu besorgen:<\/p>\n<p>a) Annahme der Traktandenliste<\/p>\n<p>b) Wahl der Stimmenz\u00e4hler<\/p>\n<p>c) Genehmigung des Protokolls der letzten GV<\/p>\n<p>d) Entgegennahme und Genehmigung:<\/p>\n<p>\u2013 des Jahresberichtes des Pr\u00e4sidenten<\/p>\n<p>\u2013 der Jahresrechnung und des Revisorenberichtes<\/p>\n<p>e) Festsetzung der Jahresbeitr\u00e4ge f\u00fcr:<\/p>\n<p>\u2013 Einzelmitglieder<\/p>\n<p>\u2013 Ehepaare, die beide im Anstellungsverh\u00e4ltnis Sakristanendienst leisten<\/p>\n<p>\u2013 G\u00f6nner und Passivmitglieder<\/p>\n<p>f) Gutheissung des Jahresprogramms und des Budgets<\/p>\n<p>g) Wahl:<\/p>\n<p>\u2013 des Pr\u00e4sidenten<\/p>\n<p>\u2013 des \u00fcbrigen Vorstandes<\/p>\n<p>\u2013 zur Erg\u00e4nzung des Vorstandes infolge R\u00fccktritt<\/p>\n<p>\u2013 der Revisoren und des Ersatzmannes<\/p>\n<p>\u2013 der Abordnungen<\/p>\n<p>h) Aufnahme von neuen Mitgliedern<\/p>\n<p>i) Ausschluss von Mitgliedern<\/p>\n<p>j) Wahl von Ehrenpr\u00e4ses, Ehrenpr\u00e4sidenten und Ehrenmitgliedern<\/p>\n<p>k) Ehrungen von Sakristanen f\u00fcr langj\u00e4hrige Mitgliedschaft (ab 15<\/p>\n<p>Jahren im F\u00fcnfjahresrhythmus)<\/p>\n<p>l) Antr\u00e4ge<\/p>\n<p>m)\u00a0 Verschiedenes<\/p>\n<p align=\"center\">Art. 18<\/p>\n<p>Die Wahl des Pr\u00e4sidenten erfolgt durch Einzelwahl und des \u00fcbrigen Vorstandes durch Globalwahl, ausgenommen Ersatzwahlen.<\/p>\n<p>Die Amtsdauer f\u00fcr Vorstandsmitglieder betr\u00e4gt 3 Jahre, wobei Wiederwahl m\u00f6glich ist.<\/p>\n<p>Die Amtsdauer f\u00fcr Rechnungsrevisoren betr\u00e4gt 3 Jahre, wobei Wiederwahl m\u00f6glich ist.<\/p>\n<p align=\"center\">Art. 19<\/p>\n<p>Antr\u00e4ge an die Generalversammlung m\u00fcssen mindestens acht Tage vor derselben schriftlich dem Pr\u00e4sidenten eingereicht werden.<\/p>\n<p align=\"center\">Art. 20<\/p>\n<p>Ausserordentliche Generalversammlungen sind einzuberufen:<\/p>\n<p>a)\u00a0 auf Beschluss des Vorstandes<\/p>\n<p>b)\u00a0 auf Verlangen von einem F\u00fcnftel<b> <\/b>der Aktivmitglieder<\/p>\n<p align=\"center\">B. Der Vorstand<\/p>\n<p align=\"center\">Art. 21<\/p>\n<p>In der ersten Sitzung nach der Generalversammlung konstituiert sich der Vorstand, mit Ausnahme des Pr\u00e4sidenten, selbst.<\/p>\n<p>Der Vorstand besteht aus:<\/p>\n<p>&#8211; Pr\u00e4ses<\/p>\n<p>&#8211; Pr\u00e4sident<\/p>\n<p>&#8211; Vizepr\u00e4sident<\/p>\n<p>&#8211; Aktuar<\/p>\n<p>&#8211; Kassier<\/p>\n<p>&#8211; Zwei<b> <\/b>Beisitzer<\/p>\n<p>Er besorgt alle Gesch\u00e4fte der Vereinigung, die nicht der Generalversammlung vorbehalten sind.<\/p>\n<p align=\"center\">Art. 22<\/p>\n<p>Der vom Di\u00f6zesanbischof ernannte Pr\u00e4ses nimmt an allen Verhandlungen mit Stimmrecht teil, steht dem Vorstand mit Rat und Tat zur Seite, ebenfalls den Mitgliedern in ihren Amtspflichten und Amtsverrichtungen.<\/p>\n<p align=\"center\">Art. 23<\/p>\n<p>Der Pr\u00e4sident vertritt die Vereinigung nach innen und nach aussen; er leitet die Versammlungen, Sitzungen und sorgt f\u00fcr die Ausf\u00fchrung der gefassten Beschl\u00fcsse. Im j\u00e4hrlichen Bericht an der Generalversammlung gibt er Rechenschaft \u00fcber das Leben der Vereinigung. Er pflegt den Kontakt mit den kirchlichen Beh\u00f6rden und Pfarr\u00e4mtern. Er f\u00fchrt zusammen mit dem Aktuar oder Kassier die rechtsverbindliche Unterschrift zu zweien. Im Verhinderungsfall \u00fcbernimmt der Vizepr\u00e4sident die Vereinsgesch\u00e4fte.<\/p>\n<p align=\"center\">Art. 24<\/p>\n<p>Der Kassier verwaltet das Kassawesen und legt der Generalversammlung die auf den 31. Dezember abgeschlossene Rechnung vor.<\/p>\n<p align=\"center\">Art. 25<\/p>\n<p>Der Aktuar f\u00fchrt die Protokolle der Versammlungen und Sitzungen und sorgt f\u00fcr die entsprechende Archivierung der Akten.<\/p>\n<p align=\"center\">Art. 26<\/p>\n<p>Die Beisitzer vertreten alle bisher genannten Funktion\u00e4re in der Abwesenheit, bzw. deren Verhinderung. Es k\u00f6nnen ihnen auch spezielle Aufgaben vom Vorstand zugewiesen werden.<\/p>\n<p>Die Vorstandsmitglieder sind besorgt um die Mitgliedermutationen und Vertreter bei Schlichtungsangelegenheiten zwischen Sakristanen und Vorgesetzten, sowie Berater bei Anstellungsverh\u00e4ltnissen (Dienstvertr\u00e4ge, Pflichtenheft etc.). Auf Wunsch stehen sie f\u00fcr Neubesetzungen von Sakristanen-Stellen der betreffenden Kirchgemeinde mit Rat und Tat zur Seite. Sie nehmen Stellung zu Vernehmlassungen der kirchlichen Beh\u00f6rden und setzten sich f\u00fcr allf\u00e4llige \u00c4nderungen der finanziellen Richtlinien und der Anstellungsordnung ein, die den Sakristanenberuf betreffen.<\/p>\n<p align=\"center\">C. Die Rechnungsrevisoren<\/p>\n<p align=\"center\">Art. 27<\/p>\n<p>Die Rechnungsrevisoren, die aus den Reihen der Aktiven und Pensionierten gew\u00e4hlt werden, pr\u00fcfen die j\u00e4hrliche Kassarechnung und Buchf\u00fchrung. Sie geben an der Generalversammlung einen schriftlichen Bericht und stellen Antrag.<\/p>\n<p align=\"center\"><b>VI. <\/b><\/p>\n<p align=\"center\"><b>Finanzielle Mittel<\/b><\/p>\n<p align=\"center\">Art. 28<\/p>\n<p>Die Einnahmen der Kasse bestehen zur Hauptsache aus:<\/p>\n<p>a) Jahresbeitr\u00e4gen der Mitglieder<\/p>\n<p>b) G\u00f6nnerbeitr\u00e4gen \/ Spenden<\/p>\n<p>c) Beitrag der Zentralkomission<\/p>\n<p>d) Beitr\u00e4gen von kirchlichen Beh\u00f6rden<\/p>\n<p>e) Zinsen<\/p>\n<p>Aus den Einnahmen werden zuerst die Verwaltungskosten gedeckt. Die Vorsch\u00fcsse sind zinstragend anzulegen. Das Kalenderjahr ist zugleich Rechnungsjahr.<\/p>\n<p align=\"center\">Art. 29<\/p>\n<p>Der Vorstand ist erm\u00e4chtigt im Einzelfall Ausgaben bis zu einem Betrag von Fr. 500 .- ausserhalb des Budgets zu beschliessen.<\/p>\n<p align=\"center\">Art. 30<\/p>\n<p>F\u00fcr die Verbindlichkeit der Vereinigung haftet ausschliesslich das Verm\u00f6gen derselben.<\/p>\n<p>Die pers\u00f6nliche Haftung des Vorstandes und der Mitglieder ist ausgeschlossen.<\/p>\n<p align=\"center\">Art. 31<\/p>\n<p>\u00dcber die H\u00f6he der Jahresbeitr\u00e4ge entscheidet die Generalversammlung. Der Jahresbeitrag ist bis sp\u00e4testens 30. September zu bezahlen.<\/p>\n<p align=\"center\"><b>VII.<\/b><\/p>\n<p align=\"center\"><b>Schlussbestimmungen<\/b><\/p>\n<p align=\"center\">Art. 32<\/p>\n<p>Eine Revision der Statuten ist zul\u00e4ssig, wenn zwei Drittel der an der Generalversammlung anwesenden Mitglieder es verlangen oder beschliessen.<\/p>\n<p align=\"center\">Art. 33<\/p>\n<p>Die Aufl\u00f6sung der Vereinigung bedarf der Zustimmung von zwei Dritteln aller Mitglieder.<\/p>\n<p>Bei der Aufl\u00f6sung muss das vorhandene Verm\u00f6gen f\u00fcr eine eventuelle Neugr\u00fcndung unverz\u00fcglich auf einem Konto unzug\u00e4nglich deponiert werden.<\/p>\n<p>Zus\u00e4tzlich werden von der GV drei Liquidatoren eingesetzt, die dieses Konto verwalten und das Geld nach Art. 34 verwenden.<\/p>\n<p align=\"center\">Art. 34<\/p>\n<p>Sollte innerhalb von 10 Jahren keine Neugr\u00fcndung zustande kommen so wird das Verm\u00f6gen f\u00fcr caritative Zwecke verwendet. Die Generalversammlung entscheidet dar\u00fcber.<\/p>\n<p align=\"center\">Art. 35<\/p>\n<p>Vorliegende Statuten ersetzen diejenigen vom 5. Oktober 1983.<\/p>\n<p>&nbsp;<\/p>\n","protected":false},"excerpt":{"rendered":"<p>STATUTEN DER SAKRISTANENVEREINIGUNG DER KANTONE Z\u00dcRICH UND SCHAFFHAUSEN Im folgenden Text wurde zur Vereinfachung des Leseflusses auf weibliche Schreibweisen verzichtet. Demnach gelten die Statuen sowohl f\u00fcr Sakristane als auch f\u00fcr &hellip; <a href=\"https:\/\/www.sakristanen-zh-sh.ch\/wordpress\/?page_id=11\" class=\"more-link\"><span class=\"screen-reader-text\">Statuten<\/span> weiterlesen <span class=\"meta-nav\">&rarr;<\/span><\/a><\/p>\n","protected":false},"author":1,"featured_media":0,"parent":0,"menu_order":0,"comment_status":"closed","ping_status":"closed","template":"","meta":{"footnotes":""},"class_list":["post-11","page","type-page","status-publish","hentry"],"_links":{"self":[{"href":"https:\/\/www.sakristanen-zh-sh.ch\/wordpress\/index.php?rest_route=\/wp\/v2\/pages\/11","targetHints":{"allow":["GET"]}}],"collection":[{"href":"https:\/\/www.sakristanen-zh-sh.ch\/wordpress\/index.php?rest_route=\/wp\/v2\/pages"}],"about":[{"href":"https:\/\/www.sakristanen-zh-sh.ch\/wordpress\/index.php?rest_route=\/wp\/v2\/types\/page"}],"author":[{"embeddable":true,"href":"https:\/\/www.sakristanen-zh-sh.ch\/wordpress\/index.php?rest_route=\/wp\/v2\/users\/1"}],"replies":[{"embeddable":true,"href":"https:\/\/www.sakristanen-zh-sh.ch\/wordpress\/index.php?rest_route=%2Fwp%2Fv2%2Fcomments&post=11"}],"version-history":[{"count":7,"href":"https:\/\/www.sakristanen-zh-sh.ch\/wordpress\/index.php?rest_route=\/wp\/v2\/pages\/11\/revisions"}],"predecessor-version":[{"id":1835,"href":"https:\/\/www.sakristanen-zh-sh.ch\/wordpress\/index.php?rest_route=\/wp\/v2\/pages\/11\/revisions\/1835"}],"wp:attachment":[{"href":"https:\/\/www.sakristanen-zh-sh.ch\/wordpress\/index.php?rest_route=%2Fwp%2Fv2%2Fmedia&parent=11"}],"curies":[{"name":"wp","href":"https:\/\/api.w.org\/{rel}","templated":true}]}}